{"id":360,"date":"2021-09-19T10:35:38","date_gmt":"2021-09-19T03:35:38","guid":{"rendered":"https:\/\/nvbach.com\/?page_id=360"},"modified":"2024-02-12T05:19:13","modified_gmt":"2024-02-11T22:19:13","slug":"gioi-thieu","status":"publish","type":"page","link":"https:\/\/nvbach.com\/?page_id=360","title":{"rendered":"xin ch\u00e0o nhau gi\u1eefa con \u0111\u01b0\u1eddng"},"content":{"rendered":"\n<p>Trang web t\u1eadp h\u1ee3p nh\u1eefng b\u00e0i vi\u1ebft c\u1ee7a t\u00f4i t\u1eeb qu\u00e3ng 2010 \u0111\u1ebfn nay, th\u1ec3 hi\u1ec7n nh\u1eefng ch\u1ee7 \u0111\u1ec1, nh\u1eefng m\u1ed1i quan t\u00e2m thay \u0111\u1ed5i theo l\u1ee9a tu\u1ed5i v\u00e0 tr\u1ea3i nghi\u1ec7m \u0111\u1eddi s\u1ed1ng.<\/p>\n\n\n\n<p><strong>T\u1eeb ch\u1ed7 n\u00e0y \u0111\u1ec3 vi\u1ebft nh\u1eadt k\u00fd<\/strong><\/p>\n\n\n\n<p><em>24\/01\/2024<\/em><\/p>\n\n\n\n<p>\u0110\u00f3 l\u00e0 h\u1ed3i chi\u1ec1u c\u1ee7a n\u0103m n\u0103m tr\u01b0\u1edbc. C\u00f2n h\u1ed3i chi\u1ec1u nay th\u00ec \u0111i b\u01a1i, kh\u00f4ng th\u1ea5y trong h\u1ed3 c\u00f3 g\u00ec hay \u0111\u1ec3 x\u00fac \u0111\u1ed9ng. B\u1ed1n b\u1ec1 v\u1eabn l\u00e0 n\u01b0\u1edbc v\u1edbi n\u1eafng, l\u1ea5p l\u00e1nh y nh\u01b0 \u0111a s\u1ed1 c\u00e1c bu\u1ed5i chi\u1ec1u b\u01a1i l\u1ed9i c\u1ee7a hai n\u0103m qua. Hai n\u0103m th\u00ec h\u1ebft m\u1ed9t n\u0103m v\u1eeba b\u01a1i v\u1eeba mong th\u1eb1ng con mau \u0111\u1ebb, r\u1ed3i mau l\u1edbn \u0111\u1ec3 d\u1eaft n\u00f3 \u0111i b\u01a1i chung. B\u01a1i chung th\u00ec d\u1ec5 v\u00e0 nhanh hi\u1ec7n th\u1ef1c ho\u00e1 h\u01a1n l\u00e0 \u0111i \u0111\u1ecdc th\u01a1 k\u00e9 chung. Bi\u1ebft b\u01a1i \u0111i con, r\u1ed3i bi\u1ebft \u0111\u1ecdc th\u01a1.<\/p>\n\n\n\n<pre class=\"wp-block-code\"><code>H\u1ed3i chi\u1ec1u nh\u00e1c th\u1ea5y cu\u1ed1n th\u01a1 Nh\u00e3 Ca trong ti\u1ec7m s\u00e1ch. L\u1eadt ra \u0111\u1ecdc t\u1edbi b\u00e0i n\u00e0o th\u1ea5y hay b\u00e0i \u0111\u00f3. \u00d4i hay th\u1eadt l\u00e0 hay. L\u00e2u l\u1eafm \u0111\u1ecdc th\u01a1 kh\u00f4ng th\u1ea5y \u0111\u01b0\u1ee3c x\u00fac \u0111\u1ed9ng nh\u01b0 v\u1eady. K\u1ebf b\u00ean l\u1ea1i th\u00eam cu\u1ed1n truy\u1ec7n d\u00e0i c\u0169ng c\u1ee7a Nh\u00e3 Ca c\u00f3 tranh b\u00eca th\u1eadt l\u00e0 m\u1ef9 thu\u1eadt. Th\u00edch l\u1eafm. Ch\u1ee7 ti\u1ec7m m\u1ec9m c\u01b0\u1eddi, ba tri\u1ec7u. \u0110\u00e0nh \u0111\u1ee9ng \u0111\u1ecdc cho \u0111\u00e3 cu\u1ed1n th\u01a1 Nh\u00e3 Ca r\u1ed3i v\u1ec1.<\/code><\/pre>\n\n\n\n<p><em>26\/01\/2020<\/em><\/p>\n\n\n\n<p>S\u1edbm nay B c\u00f3 cho m\u00ecnh hai ti\u1ebfng \u0111\u1ed3ng h\u1ed3 t\u1ef1 do, kh\u00f4ng v\u01b0\u1edbng b\u1eadn m\u1ecdi ng\u01b0\u1eddi n\u1eefa. M\u1ea5y ng\u00e0y qua \u0111i chung \u0111o\u00e0n t\u1ea5t nhi\u00ean l\u00e0 vui, nh\u01b0ng c\u0169ng c\u00f3 l\u00fac B mu\u1ed1n \u0111\u01b0\u1ee3c \u1edf m\u1ed9t m\u00ecnh. May thay s\u00e1ng nay.<\/p>\n\n\n\n<p>B \u0111i b\u1ed9 ra Ho\u00e0 B\u00ecnh, mua m\u1ed9t \u1ed5 b\u00e1nh m\u00ec ngon v\u00e0 b\u01b0\u1edbc v\u00f4 qu\u00e1n c\u00e0 ph\u00ea B\u00e0 N\u0103m m\u1ecdi khi.<\/p>\n\n\n\n<p>N\u1ebfu Dalat lu\u00f4n l\u00e0 m\u1ed9t k\u1ef7 ni\u1ec7m l\u1edbn th\u00ec qu\u00e1n B\u00e0 N\u0103m n\u00e0y qu\u1ea3 l\u00e0 m\u1ed9t k\u1ef7 ni\u1ec7m c\u1ee5 th\u1ec3 nh\u1ea5t c\u1ee7a Dalat c\u1ee7a B. Nh\u1eefng b\u00e8 b\u1ea1n, ng\u01b0\u1eddi y\u00eau, nh\u1eefng l\u1ea7n ch\u1ec9 c\u00f3 m\u1ed9t m\u00ecnh. \u1ede c\u00e1i qu\u00e1n c\u00e0 ph\u00ea b\u00e9 t\u1eb9o th\u00e2n th\u01b0\u01a1ng n\u00e0y.<\/p>\n\n\n\n<p>R\u1ed3i B ch\u1ee3t ng\u00f3 th\u1ea5y cu\u1ed1n l\u1ecbch tr\u00ean t\u01b0\u1eddng. \u00d4, nay l\u00e0 31 th\u00e1ng 12. M\u00ecnh kh\u00f4ng s\u1eafp \u0111\u1eb7t g\u00ec c\u1ea3, m\u00e0 cu\u1ed1i c\u00f9ng l\u1ea1i nh\u1eadn ra m\u00ecnh v\u00e0o m\u1ed9t bu\u1ed5i s\u00e1ng cu\u1ed1i n\u0103m, \u0111ang \u1edf m\u1ed9t th\u00e0nh ph\u1ed1 k\u1ef7 ni\u1ec7m, trong m\u1ed9t n\u01a1i ch\u1ed1n k\u1ef7 ni\u1ec7m, v\u00e0 t\u1eebng \u0111\u1ee3t gi\u00f3 l\u1edbn c\u0103m c\u0103m l\u1ea1i c\u00e0ng g\u1ee3i th\u00eam cho m\u00ecnh nhi\u1ec1u ni\u1ec1m da di\u1ebft h\u1ed3i t\u01b0\u1edfng.<\/p>\n\n\n\n<p>N\u0103m qua, c\u0169ng nh\u01b0 n\u0103m tr\u01b0\u1edbc, l\u00e0 m\u1ed9t n\u0103m th\u1eadt t\u1ed1t \u0111\u1eb9p, b\u1eb1ng l\u00f2ng, h\u1ea1nh ph\u00fac. Nh\u01b0ng n\u0103m qua \u0111\u00e3 l\u00e0 m\u1ed9t n\u0103m B gi\u00e0 \u0111i th\u1eadt nhanh, nh\u01b0 b\u01b0\u1edbc ch\u00e2n qua b\u1eadc c\u1eeda, th\u1ea5y g\u01b0\u01a1ng m\u1eb7t m\u00ecnh kh\u00f4ng c\u00f2n ng\u00e2y th\u01a1, chi\u1ebfc \u00e1o l\u1edbn kho\u00e1c l\u00ean vai b\u1ea5y l\u00e2u nay \u0111\u00e3 v\u1eeba v\u1eb7n.<\/p>\n\n\n\n<p>B nh\u00ecn l\u1ea1i g\u01b0\u01a1ng m\u1eb7t m\u00ecnh n\u0103m ngo\u00e1i, \u0111\u00e0i tr\u00e1n ph\u1eb3ng, \u0111\u00f4i m\u1eaft ng\u01a1 ng\u00e1c. Nh\u00ecn l\u1ea1i v\u00e0 kh\u00f4ng h\u1ed1i ti\u1ebfc.<\/p>\n\n\n\n<p>G\u01b0\u01a1ng m\u1eb7t B h\u00f4m nay, m\u1ed9t l\u1eb1n ranh m\u00e0 B v\u1eeba b\u01b0\u1edbc ch\u00e2n qua, \u0111\u00e3 \u0111\u1ec3 l\u1ea1i tr\u00ean tr\u00e1n. B vui l\u00f2ng \u0111\u00f3n nh\u1eadn di\u1ec7n m\u1ea1o m\u1edbi.<\/p>\n\n\n\n<p>Nh\u1eefng m\u01a1 m\u1ed9ng c\u1ecfn con l\u00f9i xa. T\u1ea1m bi\u1ec7t. Th\u1ebf gi\u1edbi ng\u01b0\u1eddi l\u1edbn \u00f4i, xin b\u01b0\u1edbc v\u00e0o.<\/p>\n\n\n\n<p><em>02\/08\/2019<\/em><\/p>\n\n\n\n<p>Hai c\u00e1i th\u00fa c\u1ee7a vi\u1ec7c \u0111\u01b0\u1ee3c t\u1eb7ng s\u00e1ch: M\u1ed9t l\u00e0, m\u00ecnh \u0111\u01b0\u1ee3c \u0111\u1ecdc nh\u1eefng lo\u1ea1i s\u00e1ch kh\u00e1c, nh\u1eefng s\u00e1ch m\u00e0 b\u01b0\u1edbc ra ti\u1ec7m m\u00ecnh ch\u1eb3ng bao gi\u1edd mua l\u1ea5y. N\u00f3i v\u1eady kh\u00f4ng ph\u1ea3i ch\u00fang kh\u00f4ng \u0111\u00e1ng \u0111\u01b0\u1ee3c \u0111\u1ecdc, m\u00e0 l\u00e0 ch\u00fang thu\u1ed9c nh\u1eefng ch\u1ee7 \u0111\u1ec1 m\u00ecnh ch\u01b0a bi\u1ebft quan t\u00e2m t\u1edbi. Khi \u0111\u01b0\u1ee3c t\u1eb7ng r\u1ed3i th\u00ec \u00edt g\u00ec c\u0169ng ph\u1ea3i l\u1ea7n ra m\u00e0 \u0111\u1ecdc, v\u00e0 v\u00ec th\u1ebf \u0111\u01b0\u1ee3c m\u1edf mang th\u00eam nh\u1eefng \u0111i\u1ec1u m\u1edbi l\u1ea1 \u00edt ngh\u0129 \u0111\u1ebfn. Hai l\u00e0, khi \u0111\u01b0\u1ee3c \u0111\u1ecdc s\u00e1ch c\u0169, s\u1ebd t\u00ecm th\u1ea5y nh\u1eefng ch\u1ed7 ng\u01b0\u1eddi b\u1ea1n m\u00ecnh ghi ch\u00fa tr\u01b0\u1edbc kia, \u0111\u1ec3 c\u00f3 d\u1ecbp suy t\u01b0 v\u00ec sao h\u1eafn l\u1ea1i \u0111\u00e1nh d\u1ea5u \u0111o\u1ea1n n\u00e0y ho\u1eb7c \u0111\u1ed3ng \u00fd t\u00e1n d\u01b0\u01a1ng s\u1ef1 \u0111\u00e1nh d\u1ea5u \u1ea5y c\u1ee7a h\u1eafn.<\/p>\n\n\n\n<p><em>08\/06\/2019<\/em><\/p>\n\n\n\n<p>Ng\u01b0\u1eddi ta hay nh\u00ecn v\u1ec1 qu\u00e1 kh\u1ee9 ch\u1ec9 th\u1ea5y \u0111\u1ea7y nh\u1eefng m\u00e0u t\u01b0\u01a1i \u0111\u1eb9p. Ng\u1eabm l\u1ea1i, r\u00f5 r\u00e0ng d\u0129 v\u00e3ng c\u1ee7a m\u00ecnh \u0111\u00e2y v\u1ed1n t\u1eebng l\u00e0 hi\u1ec7n t\u1ea1i c\u1ee7a k\u1ebb kh\u00e1c. B\u1ea3n th\u00e2n k\u1ebb \u1ea5y c\u0169ng t\u1eebng l\u01b0u luy\u1ebfn c\u00e1i qu\u00e1 v\u00e3ng tr\u01b0\u1edbc \u0111\u00f3 c\u1ee7a h\u1eafn bi\u1ebft bao. M\u00ecnh nghe c\u1ea3i l\u01b0\u01a1ng, bi\u1ebft \u0111\u01b0\u1ee3c c\u00e1c \u00f4ng b\u00e0 Thanh Nga H\u1eefu Ph\u01b0\u1edbc T\u1ea5n T\u00e0i \u0111\u00e3 l\u00e0 ch\u00e2n thi\u1ec7n m\u1ef9. M\u00e0 \u0111\u1ecdc V\u01b0\u01a1ng H\u1ed3ng S\u1ec3n ch\u1ec9 th\u1ea5y k\u1ec3 chuy\u1ec7n c\u1ea3i l\u01b0\u01a1ng ti\u1ec1n s\u1eed nh\u1eefng n\u0103m 1920, c\u00e1c b\u1eadc k\u1ec3 tr\u00ean ch\u1ec9 \u0111\u01b0\u1ee3c chua cho m\u1ed9t l\u1eddi r\u1eb1ng c\u00e1c b\u1ea1n ngh\u1ec7 s\u0129 tr\u1ebb h\u00e3y c\u00f2n m\u1edbi qu\u00e1 n\u00ean ch\u01b0a c\u00f3 g\u00ec \u0111\u1ec3 n\u00f3i(!) B\u1eefa nay th\u1eed nghe m\u1ed9t b\u00e0i kh\u00e1 l\u00e0 ti\u1ec1n s\u1eed do \u00f4ng th\u1ea7y m\u00ecnh g\u1eedi cho \u0111\u00e3 l\u00e2u, th\u1ea5y nh\u01b0 \u0111ang \u0111\u01b0\u1ee3c h\u1ea7u nghe v\u1edbi qu\u00ea h\u01b0\u01a1ng \u00f4ng b\u00e0 ti\u00ean t\u1ed5.<\/p>\n\n\n\n<p><em>29\/04\/2019<\/em><\/p>\n\n\n\n<p>Nh\u00e2n d\u1ecbp Dalat k\u1eb9t c\u1ee9ng d\u1ecbp l\u1ec5, xin gi\u1edbi thi\u1ec7u m\u1ed9t m\u1ea9u chuy\u1ec7n nh\u1ecf \u0111\u1ecdc \u0111\u01b0\u1ee3c h\u1ed3i x\u01b0a v\u1ec1 Dalat. Chuy\u1ec7n n\u00e0y nguy\u00ean b\u1ea3n ti\u1ebfng Anh, xin t\u1ea1m d\u1ecbch sang ti\u1ebfng Vi\u1ec7t Nam nh\u01b0 sau.<\/p>\n\n\n\n<p>\u201cH\u1ed3i m\u1ea5y n\u0103m tr\u01b0\u1edbc, c\u00f3 l\u1ea7n t\u00f4i \u0111ang ng\u1ed3i \u0103n s\u00e1ng \u1edf qu\u00e1n Cargo. M\u1ed9t c\u1eadu trai cao to ng\u01b0\u1eddi m\u1ef9 \u0111ang \u0111\u1ee9ng tr\u01b0\u1edbc c\u1eeda ng\u00f3 ra ngo\u00e0i tr\u1eddi m\u01b0a t\u1ea7m t\u00e3. C\u00f4 nh\u1ecf ch\u1ea1y b\u00e0n t\u1edbi b\u1eaft chuy\u1ec7n: \u201cAnh ng\u01b0\u1eddi \u1edf \u0111\u00e2u t\u1edbi \u0111\u00e2y?\u201d Anh ta \u0111\u00e1p: \u201cT\u00f4i \u1edf New York.\u201d \u201cAnh \u0111i du l\u1ecbch l\u00e2u ch\u01b0a?\u201d \u201cBa th\u00e1ng r\u1ed3i, t\u00f4i \u0111i Th\u00e1i Lan, L\u00e0o, Vi\u1ec7t Nam v\u00e0 Cam B\u1ed1t. C\u00f2n em, c\u00f3 t\u1eebng \u0111i \u0111\u00e2u ch\u01b0a?\u201d C\u00f4 nh\u1ecf h\u01a1i m\u1eafc c\u1ee1: \u201cCh\u01b0a\u2026 Em ch\u01b0a bao gi\u1edd \u0111i du l\u1ecbch h\u1ebft nh\u01b0ng m\u00e0 em c\u0169ng mu\u1ed1n \u0111i l\u1eafm.\u201d C\u1eadu thanh ni\u00ean ng\u01b0\u1eddi M\u1ef9 h\u1ecfi ti\u1ebfp: \u201cV\u1eady em mu\u1ed1n \u0111i \u0111\u00e2u?\u201d C\u00f4 nh\u1ecf ch\u1ea1y b\u00e0n tr\u1ea3 l\u1eddi b\u1eb1ng m\u1ed9t gi\u1ecdng run run v\u00ec x\u1ea5u h\u1ed5: \u201cEm mu\u1ed1n \u0111i DALAT.\u201d Ch\u00e0ng trai r\u1ea5t ng\u1ea1c nhi\u00ean h\u1ecfi l\u1ea1i: \u201cDALLAS? Em mu\u1ed1n t\u1edbi Dallas h\u1ea3?\u201d&nbsp;<\/p>\n\n\n\n<p>Ch\u1ed7 n\u00e0y, t\u00f4i th\u1ea5y c\u1ea7n ph\u1ea3i ng\u1eebng l\u1ea1i m\u1ed9t ch\u00fat \u0111\u1ec3 n\u00f3i th\u00eam l\u00e0 m\u1ea5y c\u00f4 g\u00e1i Vi\u1ec7t Nam ai c\u0169ng mu\u1ed1n \u0111i Dalat c\u1ea3. Dalat l\u00e0 m\u1ed9t th\u00e0nh ph\u1ed1 c\u1ee7a t\u00ecnh y\u00eau. M\u1ea5y c\u1ed5 kh\u00f4ng hay m\u01a1 m\u1ed9ng kinh bang t\u1ebf th\u1ebf g\u00ec, ch\u1ec9 mong sao c\u00f3 m\u1ed9t t\u1ea5m ch\u1ed3ng v\u00e0 \u0111\u01b0\u1ee3c \u0111i h\u01b0\u1edfng tu\u1ea7n tr\u0103ng m\u1eadt \u1edf Dalat.&nbsp;<\/p>\n\n\n\n<p>Th\u1ea5y c\u1eadu trai kinh ng\u1ea1c nh\u00ecn m\u00ecnh, c\u00f4 nh\u1ecf c\u00e0ng l\u00ed nh\u00ed: \u201cD\u1ea1, em mu\u1ed1n \u0111i Dalat l\u1eafm.\u201d \u201cEm c\u00f3 quen ai \u1edf Dallas kh\u00f4ng?\u201d \u201cKh\u00f4ng\u2026 Nh\u01b0ng em ch\u1ec9 mu\u1ed1n \u0111\u01b0\u1ee3c t\u1edbi \u0111\u00f3 m\u1ed9t l\u1ea7n. Em th\u00edch l\u00e2u r\u1ed3i.\u201d<\/p>\n\n\n\n<p>V\u1eady \u0111\u00f3, t\u00f4i ng\u1ed3i nh\u00e2m nhi m\u00f3n tr\u1ee9ng ch\u1ea7n \u1edf ti\u1ec7m Cargo, ng\u1eafm c\u01a1n m\u01b0a v\u00e0 nghe l\u1ecfm m\u1ed9t anh ch\u00e0ng ng\u01b0\u1eddi M\u1ef9 v\u00e0 m\u1ed9t c\u00f4 g\u00e1i Vi\u1ec7t Nam t\u00e1n g\u1eabu h\u1ebft m\u01b0\u1eddi ph\u00fat v\u1ec1 Dalat v\u00e0 Dallas, hai th\u00e0nh ph\u1ed1 kh\u00f4ng c\u00f3 c\u00e1i g\u00ec chung.\u201d<\/p>\n\n\n\n<p><em>T\u1ebft 2019<\/em><\/p>\n\n\n\n<p>Chi\u1ec1u nay, chi\u1ec1u ba m\u01b0\u01a1i t\u1ebft, anh c\u00f3 vi\u1ec7c \u0111i qua m\u1ed9t \u0111o\u1ea1n \u0111\u01b0\u1eddng, \u0111\u01b0\u1ee3c nh\u00ecn th\u1ea5y c\u1ea3nh tr\u00ed b\u00ean \u0111\u01b0\u1eddng v\u1eafng l\u1eb7ng trong bu\u1ed5i chi\u1ec1u t\u00e0n. Nh\u1eefng ng\u00e0y qua, t\u1ea5t b\u1eadt lo l\u1eafng chuy\u1ec7n nh\u00e0 chuy\u1ec7n c\u1eeda, ch\u1eb3ng c\u00f3 l\u00fac n\u00e0o k\u1ecbp ng\u1eabm ngh\u0129 v\u1ec1 ng\u00e0y t\u1ebft g\u1ea7n k\u1ec1. B\u1ed7ng nhi\u00ean, c\u00f3 m\u1ed9t ch\u00fat th\u1eddi gian ri\u00eang t\u01b0 cho m\u00ecnh suy ngh\u0129 v\u00e0 k\u1ecbp nh\u00ecn ng\u1eafm \u0111\u1eddi s\u1ed1ng c\u1ee7a ng\u00e0y ba m\u01b0\u01a1i. \u0110\u1eddi s\u1ed1ng ng\u01b0\u1eddi ta tr\u00ean con \u0111\u01b0\u1eddng qu\u00ea v\u1eafng v\u1ebb, hay l\u00e0 \u0111\u1eddi s\u1ed1ng m\u1ed9t n\u0103m qua b\u1ea3n th\u00e2n m\u00ecnh \u0111\u00e3 s\u1ed1ng.<\/p>\n\n\n\n<p>Anh lu\u00f4n th\u00edch bu\u1ed5i chi\u1ec1u, v\u00e0 chi\u1ec1u ba m\u01b0\u01a1i th\u00ec th\u1eadt s\u1ef1 l\u00e0 m\u1ed9t bu\u1ed5i chi\u1ec1u \u0111\u1eb7c bi\u1ec7t. Su\u1ed1t d\u1ecdc \u0111\u01b0\u1eddng, qu\u00e1n x\u00e1, c\u1eeda h\u00e0ng im l\u1eb7ng \u0111\u00f3ng k\u00edn. L\u00e1c \u0111\u00e1c nh\u1eefng ng\u01b0\u1eddi ng\u1ed3i tr\u01b0\u1edbc hi\u00ean nh\u00e0, g\u01b0\u01a1ng m\u1eb7t tr\u1ea7m ng\u00e2m nghi\u00eam l\u1eb7ng. \u0110\u1eddi s\u1ed1ng, \u0111\u1eddi s\u1ed1ng cu\u1ed3n cu\u1ed9n h\u1eb1ng ng\u00e0y, b\u00e2y gi\u1edd tr\u00f4i qua ch\u1eadm r\u00e3i tr\u01b0\u1edbc m\u1eb7t anh. Anh bi\u1ebft, ngay s\u00e1ng m\u00f9ng m\u1ed9t, c\u00e1i tr\u1ea7m t\u01b0 \u0111\u1eb7c bi\u1ec7t c\u1ee7a m\u1ecdi th\u1ee9 b\u00e2y gi\u1edd s\u1ebd nhanh ch\u00f3ng bi\u1ebfn m\u1ea5t.<\/p>\n\n\n\n<p>Anh v\u1ec1 t\u1edbi nh\u00e0, th\u1ea5y ba \u0111ang ch\u01a1i v\u1edbi \u0111\u1ee9a ch\u00e1u tr\u01b0\u1edbc s\u00e2n, ph\u00eda b\u00ean kia m\u1ed9t b\u00e0n \u0103n c\u00f3 nhi\u1ec1u gh\u1ebf \u0111\u00e3 \u0111\u01b0\u1ee3c b\u00e0y bi\u1ec7n. Bu\u1ed5i chi\u1ec1u ba m\u01b0\u01a1i \u0111\u00e3 tr\u1ecdn v\u1eb9n ho\u00e0n th\u00e0nh b\u1ee9c tranh c\u1ee7a n\u00f3.<\/p>\n\n\n\n<p>Bao nhi\u00eau c\u00e1i t\u1ebft \u0111\u00e3 qua, bao nhi\u00eau bu\u1ed5i chi\u1ec1u ba m\u01b0\u01a1i t\u1ebft \u0111\u00e3 qua. C\u00e1i \u00fd ngh\u0129a th\u1ea5m th\u00eda c\u1ee7a m\u1ed9t chi\u1ec1u ba m\u01b0\u01a1i t\u1ebft \u0111\u1ed9 hai n\u0103m g\u1ea7n \u0111\u00e2y anh m\u1edbi hi\u1ec3u. V\u1edbi anh, t\u1ebft ch\u00ednh l\u00e0 bu\u1ed5i chi\u1ec1u ba m\u01b0\u01a1i th\u00e1ng ch\u1ea1p.<\/p>\n\n\n\n<p><em>24\/01\/2019<\/em><\/p>\n\n\n\n<p>H\u1ed3i chi\u1ec1u nh\u00e1c th\u1ea5y cu\u1ed1n th\u01a1 Nh\u00e3 Ca trong ti\u1ec7m s\u00e1ch. L\u1eadt ra \u0111\u1ecdc t\u1edbi b\u00e0i n\u00e0o th\u1ea5y hay b\u00e0i \u0111\u00f3. \u00d4i hay th\u1eadt l\u00e0 hay. L\u00e2u l\u1eafm \u0111\u1ecdc th\u01a1 kh\u00f4ng th\u1ea5y \u0111\u01b0\u1ee3c x\u00fac \u0111\u1ed9ng nh\u01b0 v\u1eady. K\u1ebf b\u00ean l\u1ea1i th\u00eam cu\u1ed1n truy\u1ec7n d\u00e0i c\u0169ng c\u1ee7a Nh\u00e3 Ca c\u00f3 tranh b\u00eca th\u1eadt l\u00e0 m\u1ef9 thu\u1eadt. Th\u00edch l\u1eafm. Ch\u1ee7 ti\u1ec7m m\u1ec9m c\u01b0\u1eddi, ba tri\u1ec7u. \u0110\u00e0nh \u0111\u1ee9ng \u0111\u1ecdc cho \u0111\u00e3 cu\u1ed1n th\u01a1 Nh\u00e3 Ca r\u1ed3i v\u1ec1.<\/p>\n\n\n\n<p><em>20\/10\/2018<\/em><\/p>\n\n\n\n<p>B\u1ea1n g\u00e1i c\u00f3 t\u1eb7ng t\u00f4i c\u1ee5c x\u00e0 b\u00f4ng th\u01a1m. T\u00f4i \u0111ang t\u00ednh s\u1ebd l\u1ea5y x\u00e0i hay c\u1ea5t, v\u00e0 c\u1ea5t th\u00ec \u0111\u1ec3 \u0111\u00e2u. Th\u00ec ch\u1ee3t t\u1eeb trong ti\u1ec1m th\u1ee9c t\u00f4i nh\u1edb ra m\u00ecnh n\u00ean b\u1ecf n\u00f3 v\u00f4 t\u1ee7 qu\u1ea7n \u00e1o. \u0110\u00f3 l\u00e0 m\u1ed9t tia suy ngh\u0129 lo\u00e9 l\u00ean t\u1eeb qu\u00e1 kh\u1ee9, ch\u1ee9 thi\u1ec7t t\u00ecnh c\u1ea3 th\u1eadp k\u1ef7 t\u00f4i kh\u00f4ng c\u00f2n \u0111\u1ee5ng v\u00f4 c\u1ee5c x\u00e0 b\u00f4ng. R\u1ed3i b\u1ed7ng nhi\u00ean t\u00f4i ngh\u0129 t\u1edbi m\u1eb9 t\u00f4i, c\u0169ng nh\u01b0 h\u1eb1ng ng\u00e0n tri\u1ec7u b\u00e0 m\u1eb9 Vi\u1ec7t Nam kh\u00e1c \u0111\u1eddi \u0111\u1eddi c\u1ea5t gi\u1eef nh\u1eefng c\u1ee5c x\u00e0 b\u00f4ng th\u01a1m t\u1eeb C\u00f4 Ba c\u00f4 b\u1ea3y cho t\u1edbi Fa, Camay trong t\u1ee7 qu\u1ea7n \u00e1o. T\u1ef1 nhi\u00ean, c\u1ea9n th\u1eadn nh\u01b0 c\u00e1ch h\u1ecd \u0111\u1eddi \u0111\u1eddi c\u1ea5t gi\u1eef vun v\u00e9n cho ng\u00e0n tri\u1ec7u gia \u0111\u00ecnh Vi\u1ec7t Nam.<\/p>\n\n\n\n<p><em>08\/08\/2018<\/em><\/p>\n\n\n\n<p>Chai r\u01b0\u1ee3u gin gi\u00e1 g\u1ea7n b\u1ea3y tr\u0103m b\u1ea1c, c\u00f2n chai u\u00fdt-ky h\u01a1n n\u0103m tr\u0103m. Cu\u1ed9c s\u1eafm s\u1eeda \u0111\u00e1ng h\u00e0i l\u00f2ng nh\u1ea5t c\u1ee7a anh trong n\u0103m nay. C\u00e0ng ngh\u0129 c\u00e0ng h\u00e0i l\u00f2ng h\u01a1n nhi\u1ec1u khi nh\u1edb l\u1ea1i nh\u1eefng \u0111\u00eam ng\u1ed3i qu\u00e1n u\u1ed1ng m\u1ea5y ly r\u01b0\u1ee3u gi\u00e1 tr\u0103m hai tr\u0103m r\u01b0\u1ee1i m\u00e0 th\u1eb1ng b\u1ed3i r\u00f3t h\u00e0 ti\u1ec7n th\u1ea5y \u1edbn.<\/p>\n\n\n\n<p><em>25\/05\/2018<\/em><\/p>\n\n\n\n<p>T\u00f4i kh\u00f4ng bi\u1ebft ph\u1ea3i l\u00e0m sao n\u1eefa. H\u1ed3i x\u01b0a, khi nghe m\u1ea5y cu\u1ed9c g\u1ecdi b\u00e1n h\u00e0ng qua \u0111i\u1ec7n tho\u1ea1i, t\u00f4i r\u1ea5t l\u1ecbch s\u1ef1 t\u1eeb ch\u1ed1i, n\u00f3i d\u00f4ng d\u00e0i mai th\u1ea3o. B\u00e2y gi\u1edd, kh\u00f4ng c\u1ea7n nghe tr\u1ecdn c\u00e2u, ch\u1ec9 ch\u1ef1c ch\u1edd c\u00f3 ch\u1edbm \u0111\u1ee7 th\u00f4ng tin, \u1ed1ng nghe v\u1eeba ph\u00e1t ra \u0111\u01b0\u1ee3c n\u1eeda c\u00e1i t\u00ean th\u01b0\u01a1ng hi\u1ec7u l\u00e0 t\u00f4i b\u1ea5m t\u1eaft m\u00e1y. Ch\u1eafc m\u1ea5y ng\u01b0\u1eddi nh\u00e2n vi\u00ean qu\u1ea3ng c\u00e1o qua \u0111i\u1ec7n tho\u1ea1i \u0111\u00f3 s\u1ebd h\u01a1i \u0111au kh\u1ed5 ch\u00fat \u0111\u1ec9nh, ho\u1eb7c ch\u00e1n n\u1ea3n nhi\u1ec1u, ho\u1eb7c bu\u1ed9t mi\u1ec7ng ch\u1eedi th\u1ec1, ho\u1eb7c cu\u1ed9c \u0111\u1eddi c\u1ee7a h\u1ecd s\u1ebd l\u00e2m v\u00e0o c\u00f9ng c\u1ef1c chi \u0111\u00f3. Nh\u01b0ng t\u00f4i bi\u1ebft l\u00e0m sao \u0111\u01b0\u1ee3c, t\u00f4i mu\u1ed1n \u0111\u1ebfn t\u1eadn c\u00e1c c\u00f4ng ty \u0111\u00f3 v\u00e0 t\u00e0n ph\u00e1 h\u1ebft b\u1ecdn ch\u00fang.<\/p>\n\n\n\n<p><em>24\/04\/2018<\/em><\/p>\n\n\n\n<p>Bu\u1ed5i tr\u01b0a mi\u00ean man n\u1eb1m nh\u1edb l\u1ea1i nh\u1eefng ng\u00e0y xa x\u00f4i c\u0169. Xa x\u00f4i \u0111\u1ebfn \u0111\u1ed9 nh\u1eefng cu\u1ed1i tu\u1ea7n tr\u00ean c\u0103n nh\u00e0 ng\u00f3 xu\u1ed1ng ch\u1ee3 Th\u00e1i B\u00ecnh, l\u00fac Lan n\u1ea5u canh t\u00f4m v\u1edbi rau mu\u1ed1ng b\u01b0ng ra. K\u1ec9 ni\u1ec7m nhi\u1ec1u khi do m\u00ecnh thu x\u1ebfp l\u1ea1i ho\u1eb7c v\u00ec b\u1ee5i b\u1eb7m th\u1eddi gian, m\u00e0 t\u1ef1 gom g\u00f3p cu\u1ed9n tr\u00f2n. L\u00e2u l\u00e2u tr\u1edf v\u1ec1 d\u01b0\u1edbi h\u00ecnh h\u00e0i m\u1ed9t t\u00f4 canh t\u00f4m rau mu\u1ed1ng \u0111\u1ea7y \u0103m \u0111\u1ebfn ng\u1ea1t th\u1edf.<\/p>\n\n\n\n<p><em>31\/12\/2017<\/em><\/p>\n\n\n\n<p>Nh\u1eefng n\u0103m k\u1ebft th\u00fac b\u1eb1ng s\u1ed1 7 lu\u00f4n l\u00e0 nh\u1eefng n\u0103m c\u1ed9t m\u1ed1c trong \u0111\u1eddi m\u00ecnh.<\/p>\n\n\n\n<p>1987 l\u00e0 khi m\u00ecnh sinh ra. 1997 l\u00fac h\u1ecdc l\u1edbp 5 l\u00e0 n\u0103m m\u00ecnh h\u1ecdc gi\u1ecfi nh\u1ea5t trong cu\u1ed9c \u0111\u1eddi h\u1ecdc sinh c\u1ee7a m\u00ecnh. 2007 l\u00e0 n\u0103m \u0111\u1ea7u ti\u00ean m\u00ecnh \u1edf UK, m\u1ed9t s\u1ef1 thay \u0111\u1ed5i r\u1ea5t l\u1edbn trong cu\u1ed9c s\u1ed1ng. V\u00e0 2017 th\u1ef1c s\u1ef1 l\u00e0 m\u1ed9t n\u0103m c\u00f3 qu\u00e1 nhi\u1ec1u s\u1ef1 ki\u1ec7n, m\u1ed9t n\u0103m th\u1ef1c s\u1ef1 d\u00e0i.<\/p>\n\n\n\n<p>N\u1ebfu h\u1ecfi m\u00ecnh c\u00f3 vui kh\u00f4ng? C\u00f3 l\u1ebd kh\u00f3 c\u00f3 th\u1ec3 tr\u1ea3 l\u1eddi l\u00e0 vui, nh\u01b0ng quan tr\u1ecdng l\u00e0 r\u1ea5t b\u1eb1ng l\u00f2ng. M\u1ed7i tu\u1ed5i \u0111\u1eddi qua, cu\u1ed9c s\u1ed1ng \u0111\u1ed5i thay theo c\u00e1ch n\u00f3 n\u00ean thay \u0111\u1ed5i. Ch\u1ec9 mong n\u0103m t\u1edbi v\u00e0 nhi\u1ec1u n\u0103m t\u1edbi n\u1eefa \u0111\u1ec1u \u0111\u1ea7y \u0111\u1ee7 \u0111\u00e1ng nh\u1edb nh\u01b0 n\u0103m 2017 n\u00e0y.<\/p>\n\n\n\n<p><em>14\/08\/2017<\/em><\/p>\n\n\n\n<p>Dalat v\u1eabn l\u00e0 m\u1ed9t ni\u1ec1m m\u01a1 \u01b0\u1edbc. N\u1ebfu nh\u01b0 ng\u01b0\u1eddi ph\u01b0\u01a1ng t\u00e2y c\u00f3 c\u00e2u &#8220;Paris is always a good idea.&#8221; th\u00ec ng\u01b0\u1eddi mi\u1ec1n Nam, ng\u01b0\u1eddi Saigon s\u1ebd n\u00f3i &#8220;\u0111i Dalat&#8221; M\u1ed9t n\u01a1i m\u00e0 ta kh\u00f3 l\u00f2ng ch\u00e1n \u0111\u01b0\u1ee3c d\u00f9 c\u00f3 th\u1ec3 \u0111\u00e3 lui t\u1edbi ch\u1ee5c l\u1ea7n. V\u00ec Dalat lu\u00f4n l\u00e0 k\u1ec9 ni\u1ec7m. V\u0129nh bi\u1ec7t \u00f4ng gi\u00e0 bartender d\u1ec5 th\u01b0\u01a1ng, v\u0129nh bi\u1ec7t Saigon Nite.<\/p>\n\n\n\n<p><em>13\/08\/2017<\/em><\/p>\n\n\n\n<p>Kh\u00f4ng c\u00f3 \u00f4ng Hi\u1ec1n, kh\u00f4ng c\u00f3 Sou. Th\u1eb1ng To\u00e0n v\u00e0 con Oanh ng\u1ed3i ng\u00f3c m\u1ecf b\u00e0n chuy\u1ec7n \u0111i coi phim kinh d\u1ecb, xong b\u00e0n sang chuy\u1ec7n mua s\u00e1ch v\u1ec1 kh\u00f4ng \u0111\u1ecdc h\u1ebft l\u1ea1i mu\u1ed1n mua s\u00e1ch kh\u00e1c. Qu\u00e1n th\u00ec v\u1eabn \u1ebf nh\u01b0 m\u1ecdi khi. Nh\u1ea1c v\u1eabn ch\u1ea1y \u0111\u0129a Nguy\u00ean H\u00e0 \u0111\u00e3 ph\u00e1t mu\u1ed1n m\u00f2n c\u00e1i d\u00e0n loa.<\/p>\n\n\n\n<p><em>25\/4\/2017<\/em><\/p>\n\n\n\n<p>OMG Cryptopath has just followed me<\/p>\n\n\n\n<p><em>24\/9\/2015<\/em><\/p>\n\n\n\n<p>Ai l\u00e0m trong ng\u00e0nh qu\u1ea3ng c\u00e1o truy\u1ec1n th\u00f4ng r\u00e1ch to r\u00e1ch nh\u1ecf g\u00ec h\u00e3y c\u1ed1 g\u1eafng g\u00ecn gi\u1eef ti\u1ebfng Vi\u1ec7t Nam. \u0110\u1eebng vi\u1ebft copy v\u0103n v\u1ea7n n\u1eefa. B\u1ea1 c\u00e1i g\u00ec c\u0169ng r\u00e1ng cho c\u00e2u sau v\u1ea7n v\u1edbi c\u00e2u tr\u01b0\u1edbc. Nghe th\u1ea5y g\u1edbm. Vi\u1ebft ti\u1ebfng Vi\u1ec7t Nam b\u00ecnh th\u01b0\u1eddng gi\u1ea3n d\u1ecb th\u00f4i.<\/p>\n\n\n\n<p><em>03\/10\/2014<\/em><\/p>\n\n\n\n<p>H\u1ed3i nh\u1ecf, c\u00f3 m\u1ed9t bu\u1ed5i tr\u01b0a tui gi\u1ea3 \u0111\u00f2 ng\u1ee7, xong \u0111\u1ee3i l\u00fac m\u1eb9 tui ng\u1ee7 r\u1ed3i, tui l\u00e9n ra ngo\u00e0i \u0111i mua truy\u1ec7n Hesman. T\u1eeb nh\u00e0 tui ra t\u1edbi ti\u1ec7m b\u00e1n truy\u1ec7n ph\u1ea3i \u0111i h\u1ebft \u0111\u01b0\u1eddng Th\u00e0nh M\u1ef9, h\u1ed3i \u0111\u00f3 l\u00e0 c\u00e1i h\u1ebbm \u0111\u01b0\u1eddng L\u00fd Th\u01b0\u1eddng Ki\u1ec7t, ng\u1eafn th\u00f4i, c\u00f3 ch\u1eebng 500 m\u00e9t. V\u1eady m\u00e0 tui t\u01b0\u1edfng \u0111\u00e2u \u0111ang \u0111i b\u1ed9 t\u1edbi Hu\u1ebf. Xa th\u1ea5y \u1edbn! Tui mua t\u1eadp Nh\u00e0 b\u00e1c h\u1ecdc \u0111i\u00ean, l\u00fac \u0111\u00f3 c\u00f3 gi\u00e1 l\u00e0 2 ng\u00e0n 2. Mua r\u1ed3i, tui l\u1eadt \u0111\u1eadt ch\u1ea1y v\u1ec1 gi\u1ea5u \u0111\u1ec3 coi l\u00e9n. \u0110\u00e2y ch\u00ednh l\u00e0 b\u1ed9 truy\u1ec7n tranh \u0111\u1ea7u ti\u00ean tui coi. L\u00fac \u0111\u00f3, tui ch\u1ec9 bi\u1ebft ch\u1ed7 ghi t\u00e1c gi\u1ea3 \u0111\u1ec1 l\u00e0 &#8220;H\u00f9ng L\u00e2n ph\u00f3ng t\u00e1c&#8221;. B\u00e2y gi\u1edd m\u1edbi bi\u1ebft r\u00f5 r\u00e0ng. Tui y\u00eau m\u1ebfn v\u00e0 bi\u1ebft \u01a1n ch\u00fa h\u1ecda s\u0129 n\u00e0y l\u1eafm!<\/p>\n\n\n\n<p><em>15\/09\/2012<\/em><\/p>\n\n\n\n<p>Trong m\u1ed9t b\u1eefa ti\u1ec7c sinh nh\u1eadt r\u01b0\u1ee3u th\u1ecbt \u00ea h\u1ec1 n\u1ecd, Yen Tran \u0111ang ba hoa v\u1edbi Nguyen Thanh Dao v\u1ec1 vi\u1ec7c mua v\u00e0 d\u00f2 v\u00e9 s\u1ed1 th\u00ec Midori Song chen ngang:<\/p>\n\n\n\n<p>_\u1ee6a ch\u00fa Y\u00ean, Abbot \u0111i l\u00e0m ra l\u00fac m\u1ea5y gi\u1edd?<\/p>\n\n\n\n<p>Y\u00ean Tr\u1ea7n v\u00ec m\u1ea3i m\u00ea ba hoa v\u00e0 l\u1ed7 tai h\u00ecnh nh\u01b0 \u0111\u00e3 nh\u00e9t \u0111\u1ea7y z\u00fa z\u00ea n\u01b0\u1edbng n\u00ean m\u1edbi tr\u1ea3 l\u1eddi r\u1eb1ng:<\/p>\n\n\n\n<p>_D\u00f2 s\u1ed5 x\u1ed1 l\u00fac 4 gi\u1edd r\u01b0\u1ee1i ch\u1ee9 m\u1ea5y gi\u1edd<\/p>\n\n\n\n<p>L\u1ed7 tai Midori Song c\u0169ng \u0111\u00e3 b\u1ecb nh\u00e9t \u0111\u1ea7y z\u00fa z\u00ea n\u01b0\u1edbng, cho n\u00ean \u1ea3 ta m\u1edbi h\u1ebft s\u1ee9c kinh ng\u1ea1c r\u1eb1ng:<\/p>\n\n\n\n<p>_Tr\u1eddi \u01a1i, ra s\u1edbm d\u1eef, s\u01b0\u1edbng qu\u00e1 v\u1eady!!!<\/p>\n\n\n\n<p>Trong khi \u0111\u00f3, theo m\u1ed9t di\u1ec5n bi\u1ebfn kh\u00e1c, Neo Dinho quy\u1ebft \u0111\u1ecbnh x\u0103m l\u00ean m\u00ecnh m\u1ed9t con kh\u1ec9 \u0111\u1ea7u tr\u00e2u.<\/p>\n\n\n\n<p><\/p>\n","protected":false},"excerpt":{"rendered":"<p>Trang web t\u1eadp h\u1ee3p nh\u1eefng b\u00e0i vi\u1ebft c\u1ee7a t\u00f4i t\u1eeb qu\u00e3ng 2010 \u0111\u1ebfn nay, th\u1ec3 hi\u1ec7n nh\u1eefng ch\u1ee7 \u0111\u1ec1, nh\u1eefng m\u1ed1i quan t\u00e2m thay \u0111\u1ed5i theo l\u1ee9a tu\u1ed5i v\u00e0 tr\u1ea3i nghi\u1ec7m \u0111\u1eddi s\u1ed1ng. T\u1eeb ch\u1ed7 n\u00e0y \u0111\u1ec3 vi\u1ebft nh\u1eadt k\u00fd 24\/01\/2024 \u0110\u00f3 l\u00e0 h\u1ed3i chi\u1ec1u c\u1ee7a n\u0103m n\u0103m tr\u01b0\u1edbc. C\u00f2n h\u1ed3i chi\u1ec1u nay th\u00ec \u0111i [&hellip;]<\/p>\n","protected":false},"author":1,"featured_media":0,"parent":0,"menu_order":0,"comment_status":"closed","ping_status":"closed","template":"","meta":{"footnotes":""},"class_list":["post-360","page","type-page","status-publish","hentry"],"_links":{"self":[{"href":"https:\/\/nvbach.com\/index.php?rest_route=\/wp\/v2\/pages\/360","targetHints":{"allow":["GET"]}}],"collection":[{"href":"https:\/\/nvbach.com\/index.php?rest_route=\/wp\/v2\/pages"}],"about":[{"href":"https:\/\/nvbach.com\/index.php?rest_route=\/wp\/v2\/types\/page"}],"author":[{"embeddable":true,"href":"https:\/\/nvbach.com\/index.php?rest_route=\/wp\/v2\/users\/1"}],"replies":[{"embeddable":true,"href":"https:\/\/nvbach.com\/index.php?rest_route=%2Fwp%2Fv2%2Fcomments&post=360"}],"version-history":[{"count":8,"href":"https:\/\/nvbach.com\/index.php?rest_route=\/wp\/v2\/pages\/360\/revisions"}],"predecessor-version":[{"id":605,"href":"https:\/\/nvbach.com\/index.php?rest_route=\/wp\/v2\/pages\/360\/revisions\/605"}],"wp:attachment":[{"href":"https:\/\/nvbach.com\/index.php?rest_route=%2Fwp%2Fv2%2Fmedia&parent=360"}],"curies":[{"name":"wp","href":"https:\/\/api.w.org\/{rel}","templated":true}]}}